{"id":12,"date":"2024-01-29T16:48:06","date_gmt":"2024-01-29T16:48:06","guid":{"rendered":"https:\/\/startersites.io\/blocksy\/smile-dent\/?page_id=12"},"modified":"2026-01-24T06:21:06","modified_gmt":"2026-01-24T06:21:06","slug":"about-us","status":"publish","type":"page","link":"https:\/\/www.vanlangsj.com\/?page_id=12","title":{"rendered":"About Us"},"content":{"rendered":"\n<div class=\"wp-block-greenshift-blocks-row gspb_row gspb_row-id-gsbp-90dd5fd gspb_row--gutter-custom-0\" id=\"gspb_row-id-gsbp-90dd5fd\"><div class=\"gspb_row__content\"> \n<div class=\"wp-block-greenshift-blocks-row-column gspb_row__col--6 gspb_row__col--md-12 gspb_col-id-gsbp-d560c25\" id=\"gspb_col-id-gsbp-d560c25\">\n\n\n<h2 id=\"gspb_heading-id-gsbp-2ffee04\" class=\"gspb_heading gspb_heading-id-gsbp-2ffee04 \">Trung T\u00e2m Vi\u1ec7t Ng\u1eef V\u0103n Lang San Jose<\/h2>\n\n\n\n<div id=\"gspb_text-id-gsbp-e310166\" class=\"gspb_text gspb_text-id-gsbp-e310166 \">Trung T\u00e2m Vi\u1ec7t Ng\u1eef V\u0103n Lang San Jose l\u00e0 m\u1ed9t trung t\u00e2m thu\u1ed9c h\u1ec7 th\u1ed1ng Vi\u1ec7t Ng\u1eef V\u0103n Lang \u0111\u01b0\u1ee3c h\u00ecnh th\u00e0nh v\u00e0 tr\u1ef1c ti\u1ebfp \u0111i\u1ec1u h\u00e0nh b\u1edfi <mark style=\"background-color:rgba(0, 0, 0, 0);color:#000000\" class=\"has-inline-color\">\u0110o\u00e0n Thanh Ni\u00ean Thi\u1ec7n Nguy\u1ec7n Vi\u1ec7t Nam<\/mark> v\u1edbi 3 m\u1ee5c ti\u00eau ch\u00ednh:<br><strong><em>  B\u1ea3o t\u1ed3n V\u0103n H\u00f3a<br>  Ph\u1ee5ng s\u1ef1 X\u00e3 H\u1ed9i<br>  M\u01b0u c\u1ea7u T\u1ef1 Do v\u00e0 D\u00e2n Ch\u1ee7 cho Vi\u1ec7t Nam<\/em><\/strong><br><br><strong>2. M\u1ee5c \u0110\u00edch:<\/strong><br>Nh\u1eb1m m\u1ee5c \u0111\u00edch b\u1ea3o t\u1ed3n v\u0103n h\u00f3a Vi\u1ec7t v\u00e0 \u0111\u00e0o t\u1ea1o m\u1ed9t th\u1ebf h\u1ec7 tr\u1ebb Vi\u1ec7t Nam h\u1ea3i ngo\u1ea1i bi\u1ebft \u00fd th\u1ee9c v\u1ec1 gi\u00f2ng gi\u1ed1ng L\u1ea1c H\u1ed3ng qua ph\u01b0\u01a1ng ch\u00e2m\u00a0<em>&#8220;Ti\u00ean h\u1ecdc l\u1ec5, h\u1eadu h\u1ecdc v\u0103n&#8221;<\/em>, Trung T\u00e2m \u0111\u00e3 \u00e1p d\u1ee5ng m\u1ed9t ch\u01b0\u01a1ng tr\u00ecnh \u0110\u1ee9c D\u1ee5c v\u00e0 L\u1ecbch S\u1eed Vi\u1ec7t Nam song song v\u1edbi ch\u01b0\u01a1ng tr\u00ecnh Vi\u1ec7t Ng\u1eef. Th\u00eam v\u00e0o \u0111\u00f3, c\u00e1c em \u0111\u01b0\u1ee3c h\u1ecdc h\u1ecfi v\u1ec1 phong t\u1ee5c t\u1eadp qu\u00e1n, nh\u1eefng c\u00e1i hay, c\u00e1i \u0111\u1eb9p c\u1ee7a d\u00e2n t\u1ed9c Vi\u1ec7t; v\u00e0 t\u1eeb \u0111\u00f3 v\u1edbi v\u0103n h\u00f3a Vi\u1ec7t Nam v\u00e0 ki\u1ebfn th\u1ee9c khoa h\u1ecdc ti\u1ebfn b\u1ed9 c\u1ee7a \u00c2u M\u1ef9, c\u00e1c em s\u1ebd l\u00e0m r\u1ea1ng danh cho n\u00f2i gi\u1ed1ng Vi\u1ec7t Nam tr\u00ean to\u00e0n th\u1ebf gi\u1edbi.<br><br><strong>3. \u0110i\u1ec1u H\u00e0nh:<\/strong><br>Tr\u00ean c\u0103n b\u1ea3n, \u0110o\u00e0n Thanh Ni\u00ean Thi\u1ec7n Nguy\u1ec7n Vi\u1ec7t Nam ch\u1ecbu tr\u00e1ch nhi\u1ec7m v\u1ec1 m\u1ecdi m\u1eb7t, nh\u01b0ng ph\u1ea7n quan tr\u1ecdng nh\u1ea5t, ch\u00ednh l\u00e0 s\u1ef1 \u0111\u00f3ng g\u00f3p c\u1ee7a l\u1ef1c l\u01b0\u1ee3ng th\u1ea7y c\u00f4 gi\u00e1o, c\u00e1c anh ch\u1ecb em mang tinh th\u1ea7n ph\u1ee5ng s\u1ef1 x\u00e3 h\u1ed9i, k\u1ebf \u0111\u1ebfn l\u00e0 s\u1ef1 gi\u00fap \u0111\u1ee1 v\u1ec1 m\u1eb7t tinh th\u1ea7n c\u0169ng nh\u01b0 v\u1eadt ch\u1ea5t c\u1ee7a qu\u00fd v\u1ecb ph\u1ee5 huynh h\u1ecdc sinh.<br><br><strong>4. L\u1ecbch S\u1eed:<\/strong><br>N\u0103m 1982, tr\u01b0\u1eddng Vi\u1ec7t Ng\u1eef V\u0103n Lang b\u1eaft \u0111\u1ea7u v\u1edbi nh\u1eefng l\u1edbp h\u1ecdc trong garage xe, th\u1ea7y c\u00f4 ngo\u00e0i nhi\u1ec7m v\u1ee5 gi\u1ea3ng d\u1ea1y c\u00f2n ph\u1ea3i l\u00e3nh tr\u00e1ch nhi\u1ec7m \u0111\u01b0a \u0111\u00f3n h\u1ecdc sinh \u0111i h\u1ecdc. \u0110\u1ebfn nay, qua 65 kh\u00f3a h\u1ecdc li\u00ean t\u1ee5c (m\u1ed7i kh\u00f3a 5 th\u00e1ng), v\u1edbi c\u01a1 s\u1edf ph\u00f2ng \u1ed1c khang trang, TTVN V\u0103n Lang SJ \u0111\u00e3 tr\u1edf th\u00e0nh trung t\u00e2m Vi\u1ec7t Ng\u1eef l\u1edbn nh\u1ea5t c\u1ee7a ng\u01b0\u1eddi Vi\u1ec7t t\u1ea1i h\u1ea3i ngo\u1ea1i, v\u1edbi h\u01a1n 1000 h\u1ecdc sinh \u0111\u01b0\u1ee3c chia ra l\u00e0m 12 c\u1ea5p l\u1edbp t\u1eeb 1 \u0111\u1ebfn l\u1edbp 12. T\u1ed5ng c\u1ed9ng c\u00f3 35 l\u1edbp \u0111\u01b0\u1ee3c h\u01b0\u1edbng d\u1eabn b\u1edfi kho\u1ea3ng 120 th\u1ea7y c\u00f4 v\u00e0 20 anh ch\u1ecb kh\u00e1c trong ban \u0111i\u1ec1u h\u00e0nh. (T\u1eeb kh\u00f3a 49, ch\u01b0\u01a1ng tr\u00ecnh gi\u1ea3ng d\u1ea1y \u0111\u00e3 \u0111\u01b0\u1ee3c thay \u0111\u1ed5i th\u00e0nh 10 c\u1ea5p l\u1edbp v\u00e0 m\u1ed7i kh\u00f3a d\u00e0i 10 th\u00e1ng)<br><br><strong>5. \u0110\u1ecba \u0110i\u1ec3m:<\/strong><br>Trung T\u00e2m Vi\u1ec7t Ng\u1eef V\u0103n Lang San Jose m\u1edf c\u1eeda v\u00e0o m\u1ed7i Ch\u1ee7 Nh\u1eadt t\u1eeb 9 gi\u1edd s\u00e1ng \u0111\u1ebfn 12 gi\u1edd tr\u01b0a, t\u1ea1i tr\u01b0\u1eddng Trung H\u1ecdc Gunderson: <strong>622 Gaundabert Ln, San Jose, CA 95136, USA<\/strong>.<\/div>\n<\/div>\n\n\n\n<div class=\"wp-block-greenshift-blocks-row-column gspb_row__col--6 gspb_row__col--md-12 gspb_col-id-gsbp-2affbd5\" id=\"gspb_col-id-gsbp-2affbd5\">\n<div class=\"wp-block-greenshift-blocks-image gspb_image gspb_image-id-gsbp-960d7e1\" id=\"gspb_image-id-gsbp-960d7e1\"><img decoding=\"async\" src=\"https:\/\/www.vanlangsj.com\/wp-content\/uploads\/2025\/09\/vanlang-about.jpeg\" data-src=\"\" alt=\"\" loading=\"lazy\" width=\"349\" height=\"500\"\/><\/div>\n<\/div>\n <\/div><\/div>\n\n\n\n<div class=\"wp-block-greenshift-blocks-container gspb_container gspb_container-gsbp-b7a6313\" id=\"gspb_container-id-gsbp-b7a6313\">\n<div class=\"wp-block-greenshift-blocks-row gspb_row gspb_row-id-gsbp-84102f7\" id=\"gspb_row-id-gsbp-84102f7\"><div class=\"gspb_row__content\"> \n<div class=\"wp-block-greenshift-blocks-row-column gspb_row__col--12 gspb_col-id-gsbp-75ae09c\" id=\"gspb_col-id-gsbp-75ae09c\">\n<iframe src=\"https:\/\/www.google.com\/maps\/embed?pb=!1m18!1m12!1m3!1d6351.068774338643!2d-121.85768498649747!3d37.25875324159748!2m3!1f0!2f0!3f0!3m2!1i1024!2i768!4f13.1!3m3!1m2!1s0x808e322ca4974a4d%3A0x172ea7bea3db84a9!2s622%20Gaundabert%20Ln%2C%20San%20Jose%2C%20CA%2095136!5e0!3m2!1sen!2sus!4v1759382486958!5m2!1sen!2sus\" width=\"1300\" height=\"400\" style=\"border:0;\" allowfullscreen=\"\" loading=\"lazy\" referrerpolicy=\"no-referrer-when-downgrade\"><\/iframe>\n<\/div>\n <\/div><\/div>\n\n\n\n<div class=\"wp-block-greenshift-blocks-row gspb_row gspb_row-id-gsbp-1fe0cc7 gspb_row--gutter-custom-0\" id=\"gspb_row-id-gsbp-1fe0cc7\"><div class=\"gspb_row__content\"> \n<div class=\"wp-block-greenshift-blocks-row-column gspb_row__col--4 gspb_col-id-gsbp-a7c4119\" id=\"gspb_col-id-gsbp-a7c4119\">\n<div class=\"wp-block-greenshift-blocks-container gspb_container gspb_container-gsbp-e6aebdd\" id=\"gspb_container-id-gsbp-e6aebdd\">\n<div class=\"wp-block-greenshift-blocks-counter gs-counterwrap gspb_counter-id-gsbp-ff03e90\"><div class=\"gs-counterdiv\"><div class=\"gs-counter\" data-start=\"0\" data-end=\"45\" data-duration=\"2\">0<\/div><\/div><\/div>\n\n\n\n<div id=\"gspb_text-id-gsbp-4973c3e\" class=\"gspb_text gspb_text-id-gsbp-4973c3e \">Years<\/div>\n<\/div>\n\n\n\n<div id=\"gspb_text-id-gsbp-a947a91\" class=\"gspb_text gspb_text-id-gsbp-a947a91 \">Arcu cursus vitae congue mauris rhoncus aenean vel accumsan sit amet nulla non diam phasellus vestibulum lorem.<\/div>\n<\/div>\n\n\n\n<div class=\"wp-block-greenshift-blocks-row-column gspb_row__col--4 gspb_col-id-gsbp-05cbeb5\" id=\"gspb_col-id-gsbp-05cbeb5\">\n<div class=\"wp-block-greenshift-blocks-container gspb_container gspb_container-gsbp-ededaed\" id=\"gspb_container-id-gsbp-ededaed\">\n<div class=\"wp-block-greenshift-blocks-counter gs-counterwrap gspb_counter-id-gsbp-66798d4\"><div class=\"gs-counterdiv\"><div class=\"gs-counter\" data-start=\"0\" data-end=\"75\" data-duration=\"2\">0<\/div><\/div><\/div>\n\n\n\n<div id=\"gspb_text-id-gsbp-5589b9b\" class=\"gspb_text gspb_text-id-gsbp-5589b9b \"><strong>TEACHERS<\/strong><\/div>\n<\/div>\n\n\n\n<div id=\"gspb_text-id-gsbp-65f42dc\" class=\"gspb_text gspb_text-id-gsbp-65f42dc \">Quis viverra nibh cras pulvinar. Viverra mauris in aliquam sem fringilla ut morbi ullamcorper morbi tincidunt ornare massa.<\/div>\n<\/div>\n\n\n\n<div class=\"wp-block-greenshift-blocks-row-column gspb_row__col--4 gspb_col-id-gsbp-b56cce5\" id=\"gspb_col-id-gsbp-b56cce5\">\n<div class=\"wp-block-greenshift-blocks-container gspb_container gspb_container-gsbp-2af3e65\" id=\"gspb_container-id-gsbp-2af3e65\">\n<div class=\"wp-block-greenshift-blocks-counter gs-counterwrap gspb_counter-id-gsbp-a7cf35b\"><div class=\"gs-counterdiv\"><div class=\"gs-counter\" data-start=\"0\" data-end=\"1\" data-duration=\"2\" data-postfix=\"k\">0<\/div><\/div><\/div>\n\n\n\n<div id=\"gspb_text-id-gsbp-34999b5\" class=\"gspb_text gspb_text-id-gsbp-34999b5 \">STUDENTS<\/div>\n<\/div>\n\n\n\n<div id=\"gspb_text-id-gsbp-0703bfc\" class=\"gspb_text gspb_text-id-gsbp-0703bfc \">Turpis egestas sed tempus urna et pharetra. Euismod in pellentesque massa placerat. Id velit ut tortor pretium viverra.<\/div>\n<\/div>\n <\/div><\/div>\n<\/div>\n\n\n\n<p><\/p>\n","protected":false},"excerpt":{"rendered":"","protected":false},"author":1,"featured_media":0,"parent":0,"menu_order":0,"comment_status":"closed","ping_status":"closed","template":"","meta":{"_gspb_post_css":"#gspb_row-id-gsbp-90dd5fd{justify-content:space-between;margin-top:0;display:flex;flex-wrap:wrap;margin-bottom:120px;padding:0 80px}#gspb_row-id-gsbp-90dd5fd>.gspb_row__content{display:flex;justify-content:space-between;margin:0 auto;width:100%;flex-wrap:wrap}div[id^=gspb_col-id]{box-sizing:border-box;position:relative;padding:var(--gs-row-column-padding, 15px min(3vw, 20px))}@media (max-width:991.98px){#gspb_row-id-gsbp-90dd5fd>.gspb_row__content{row-gap:30px}}body.gspb-bodyfront #gspb_row-id-gsbp-90dd5fd>.gspb_row__content{width:var(--theme-container-width, 1200px);max-width:var(--theme-normal-container-max-width, 1200px)}@media (max-width:991.98px){#gspb_row-id-gsbp-90dd5fd{margin-bottom:80px;padding-right:50px;padding-left:50px}}@media (max-width:575.98px){#gspb_row-id-gsbp-90dd5fd{margin-bottom:60px;padding-right:35px;padding-left:35px}}#gspb_row-id-gsbp-90dd5fd{box-shadow:0 15px 25px 0 rgba(0,0,0,.1);background-color:var(--wp--preset--color--palette-color-6, var(--theme-palette-color-6, #F3F5F7))}#gspb_row-id-gsbp-90dd5fd,#gspb_row-id-gsbp-90dd5fd>.gspb_backgroundOverlay{border-top-left-radius:35px;border-top-right-radius:35px;border-bottom-right-radius:35px;border-bottom-left-radius:35px}#gspb_col-id-gsbp-d560c25.gspb_row__col--6{width:calc(50% - 25px)}@media (max-width:991.98px){#gspb_col-id-gsbp-d560c25.gspb_row__col--6{width:100%}}@media (max-width:767.98px){#gspb_col-id-gsbp-d560c25.gspb_row__col--6{width:calc(100% - 25px)}}@media (max-width:575.98px){#gspb_col-id-gsbp-d560c25.gspb_row__col--6{width:100%}}@media (min-width:992px){body.gspb-bodyfront #gspb_col-id-gsbp-d560c25.gspb_row__col--6{width:calc(67.5% - 0px - 25px)}}.gspb_row #gspb_col-id-gsbp-d560c25.gspb_row__col--6{padding:50px 0}@media (max-width:991.98px){.gspb_row #gspb_col-id-gsbp-d560c25.gspb_row__col--6{padding-bottom:0}}body #gspb_col-id-gsbp-d560c25.gspb_row__col--6{display:flex;flex-direction:column;justify-content:center}@media (max-width:991.98px){body #gspb_col-id-gsbp-d560c25.gspb_row__col--6{align-items:center}}#gspb_heading-id-gsbp-2ffee04{font-size:35px}@media (max-width:991.98px){#gspb_heading-id-gsbp-2ffee04{font-size:35px}}@media (max-width:575.98px){#gspb_heading-id-gsbp-2ffee04{font-size:30px}}@media (max-width:991.98px){#gspb_heading-id-gsbp-2ffee04,#gspb_heading-id-gsbp-2ffee04 .gsap-g-line{text-align:center!important}}#gspb_heading-id-gsbp-2ffee04{font-weight:900!important;margin-top:0;margin-bottom:10px}@media (max-width:991.98px){.gspb_text-id-gsbp-e310166,.gspb_text-id-gsbp-e310166 .gsap-g-line{text-align:center!important}}.gspb_text-id-gsbp-e310166{margin-bottom:40px!important}#gspb_col-id-gsbp-2affbd5.gspb_row__col--6{width:calc(50% - 25px)}@media (max-width:991.98px){#gspb_col-id-gsbp-2affbd5.gspb_row__col--6{width:100%}}@media (max-width:767.98px){#gspb_col-id-gsbp-2affbd5.gspb_row__col--6{width:calc(100% - 25px)}}@media (max-width:575.98px){#gspb_col-id-gsbp-2affbd5.gspb_row__col--6{width:100%}}@media (min-width:992px){body.gspb-bodyfront #gspb_col-id-gsbp-2affbd5.gspb_row__col--6{width:calc(29.1% - 0px - 25px)}}.gspb_row #gspb_col-id-gsbp-2affbd5.gspb_row__col--6{padding:0}body #gspb_col-id-gsbp-2affbd5.gspb_row__col--6{display:flex;flex-direction:column;justify-content:center}#gspb_image-id-gsbp-960d7e1{text-align:center;padding-top:30px}#gspb_image-id-gsbp-960d7e1 img{object-position:51% 56.00000000000001%;vertical-align:top;display:inline-block;box-sizing:border-box;max-width:100%;height:auto;border-top-left-radius:20px;border-top-right-radius:20px;border-bottom-right-radius:20px;border-bottom-left-radius:20px}.gspb_container-id-gsbp-b7a6313{flex-direction:column;box-sizing:border-box}#gspb_container-id-gsbp-2af3e65.gspb_container>p:last-of-type,#gspb_container-id-gsbp-b7a6313.gspb_container>p:last-of-type,#gspb_container-id-gsbp-e6aebdd.gspb_container>p:last-of-type,#gspb_container-id-gsbp-ededaed.gspb_container>p:last-of-type{margin-bottom:0}#gspb_container-id-gsbp-b7a6313.gspb_container{position:relative;margin-bottom:120px;padding:80px}@media (max-width:991.98px){#gspb_container-id-gsbp-b7a6313.gspb_container{margin-bottom:80px;padding:50px}}@media (max-width:575.98px){#gspb_container-id-gsbp-b7a6313.gspb_container{margin-bottom:60px;padding:35px}}#gspb_container-id-gsbp-b7a6313.gspb_container,#gspb_container-id-gsbp-b7a6313.gspb_container>.gspb_backgroundOverlay{border-top-left-radius:40px;border-top-right-radius:40px;border-bottom-right-radius:40px;border-bottom-left-radius:40px}#gspb_container-id-gsbp-b7a6313.gspb_container{background-color:var(--wp--preset--color--palette-color-7, var(--theme-palette-color-7, #F7FAFD))}#gspb_row-id-gsbp-1fe0cc7,#gspb_row-id-gsbp-84102f7{justify-content:space-between;margin-bottom:0;display:flex;flex-wrap:wrap}#gspb_row-id-gsbp-84102f7{margin-top:0}#gspb_row-id-gsbp-84102f7>.gspb_row__content{display:flex;justify-content:space-between;margin:0 auto;width:100%;flex-wrap:wrap}.gspb_row{position:relative}#gspb_col-id-gsbp-75ae09c.gspb_row__col--12{width:100%}@media (max-width:575.98px){#gspb_col-id-gsbp-75ae09c.gspb_row__col--12{width:100%}}#gspb_row-id-gsbp-1fe0cc7>.gspb_row__content{display:flex;justify-content:space-between;margin:0 auto;width:100%;flex-wrap:wrap}@media (max-width:575.98px){#gspb_row-id-gsbp-1fe0cc7>.gspb_row__content{row-gap:40px}}body.gspb-bodyfront #gspb_row-id-gsbp-1fe0cc7>.gspb_row__content,body.gspb-bodyfront #gspb_row-id-gsbp-84102f7>.gspb_row__content{width:var(--theme-container-width, 1200px);max-width:var(--theme-normal-container-max-width, 1200px)}#gspb_row-id-gsbp-1fe0cc7{margin-top:70px}@media (max-width:991.98px){#gspb_row-id-gsbp-1fe0cc7{margin-top:60px}}@media (max-width:575.98px){#gspb_row-id-gsbp-1fe0cc7{margin-top:40px}}#gspb_col-id-gsbp-a7c4119.gspb_row__col--4{width:calc(33.333333333333336% - 75px)}@media (max-width:991.98px){#gspb_col-id-gsbp-a7c4119.gspb_row__col--4{width:calc(33.333333333333336% - 25px)}}@media (max-width:767.98px){#gspb_col-id-gsbp-a7c4119.gspb_row__col--4{width:calc(33.333333333333336% - 25px)}}@media (max-width:575.98px){#gspb_col-id-gsbp-a7c4119.gspb_row__col--4{width:100%}}.gspb_row #gspb_col-id-gsbp-05cbeb5.gspb_row__col--4,.gspb_row #gspb_col-id-gsbp-a7c4119.gspb_row__col--4,.gspb_row #gspb_col-id-gsbp-b56cce5.gspb_row__col--4{padding:0}.gspb_container-id-gsbp-e6aebdd{flex-direction:column;box-sizing:border-box}#gspb_container-id-gsbp-e6aebdd.gspb_container{position:relative;display:flex;align-items:flex-end;column-gap:10px}@media (max-width:991.98px){#gspb_container-id-gsbp-e6aebdd.gspb_container{flex-direction:column;align-items:center}}#gspb_container-id-gsbp-e6aebdd.gspb_container{margin-bottom:20px}.gspb_counter-id-gsbp-ff03e90,.gspb_counter-id-gsbp-ff03e90 .gs-counterwrap{display:flex;align-items:center}.gspb_counter-id-gsbp-ff03e90 .gs-counterdiv{display:flex;text-align:center;flex-direction:column;justify-content:center}.gspb_counter-id-gsbp-ff03e90,.gspb_counter-id-gsbp-ff03e90 .gs-counterwrap{justify-content:center}@media (max-width:991.98px){.gspb_counter-id-gsbp-ff03e90,.gspb_counter-id-gsbp-ff03e90 .gs-counterwrap{justify-content:center}}.gspb_counter-id-gsbp-ff03e90 .gs-counterdiv{align-items:center}@media (max-width:991.98px){.gspb_counter-id-gsbp-ff03e90 .gs-counterdiv{align-items:center}}.gspb_counter-id-gsbp-ff03e90 .gs-counter{color:var(--wp--preset--color--palette-color-2, var(--theme-palette-color-2, #24417C))}.gspb_counter-id-gsbp-ff03e90 .gs-counterdiv{border-radius:5px}.gspb_counter-id-gsbp-ff03e90 .gs-counterlabel{font-size:16px;line-height:16px}.gspb_counter-id-gsbp-ff03e90 .gs-counterdiv{min-width:5px}.gspb_counter-id-gsbp-ff03e90 .gs-counter{font-size:60px;line-height:.9em}@media (max-width:991.98px){.gspb_counter-id-gsbp-ff03e90 .gs-counter{font-size:35px}}.gspb_counter-id-gsbp-ff03e90 .gs-counter{font-weight:800!important}.gspb_text-id-gsbp-4973c3e{text-transform:uppercase;font-weight:600!important}@media (max-width:991.98px){.gspb_text-id-gsbp-a947a91,.gspb_text-id-gsbp-a947a91 .gsap-g-line{text-align:center!important}}#gspb_col-id-gsbp-05cbeb5.gspb_row__col--4{width:calc(33.333333333333336% - 75px)}@media (max-width:991.98px){#gspb_col-id-gsbp-05cbeb5.gspb_row__col--4{width:calc(33.333333333333336% - 25px)}}@media (max-width:767.98px){#gspb_col-id-gsbp-05cbeb5.gspb_row__col--4{width:calc(33.333333333333336% - 25px)}}@media (max-width:575.98px){#gspb_col-id-gsbp-05cbeb5.gspb_row__col--4{width:100%}}.gspb_container-id-gsbp-ededaed{flex-direction:column;box-sizing:border-box}#gspb_container-id-gsbp-ededaed.gspb_container{position:relative;display:flex;align-items:flex-end;column-gap:10px}@media (max-width:991.98px){#gspb_container-id-gsbp-ededaed.gspb_container{flex-direction:column;align-items:center}}#gspb_container-id-gsbp-ededaed.gspb_container{margin-bottom:20px}.gspb_counter-id-gsbp-66798d4,.gspb_counter-id-gsbp-66798d4 .gs-counterwrap{display:flex;align-items:center}.gspb_counter-id-gsbp-66798d4 .gs-counterdiv{display:flex;text-align:center;flex-direction:column;justify-content:center}.gspb_counter-id-gsbp-66798d4,.gspb_counter-id-gsbp-66798d4 .gs-counterwrap{justify-content:center}@media (max-width:991.98px){.gspb_counter-id-gsbp-66798d4,.gspb_counter-id-gsbp-66798d4 .gs-counterwrap{justify-content:center}}.gspb_counter-id-gsbp-66798d4 .gs-counterdiv{align-items:center}@media (max-width:991.98px){.gspb_counter-id-gsbp-66798d4 .gs-counterdiv{align-items:center}}.gspb_counter-id-gsbp-66798d4 .gs-counter{color:var(--wp--preset--color--palette-color-2, var(--theme-palette-color-2, #24417C))}.gspb_counter-id-gsbp-66798d4 .gs-counterdiv{border-radius:5px}.gspb_counter-id-gsbp-66798d4 .gs-counterlabel{font-size:16px;line-height:16px}.gspb_counter-id-gsbp-66798d4 .gs-counterdiv{min-width:5px}.gspb_counter-id-gsbp-66798d4 .gs-counter{font-size:60px;line-height:.9em}@media (max-width:991.98px){.gspb_counter-id-gsbp-66798d4 .gs-counter{font-size:35px}}.gspb_counter-id-gsbp-66798d4 .gs-counter{font-weight:800!important}.gspb_text-id-gsbp-5589b9b{text-transform:uppercase;font-weight:600!important}@media (max-width:991.98px){.gspb_text-id-gsbp-65f42dc,.gspb_text-id-gsbp-65f42dc .gsap-g-line{text-align:center!important}}#gspb_col-id-gsbp-b56cce5.gspb_row__col--4{width:calc(33.333333333333336% - 75px)}@media (max-width:991.98px){#gspb_col-id-gsbp-b56cce5.gspb_row__col--4{width:calc(33.333333333333336% - 25px)}}@media (max-width:767.98px){#gspb_col-id-gsbp-b56cce5.gspb_row__col--4{width:calc(33.333333333333336% - 25px)}}@media (max-width:575.98px){#gspb_col-id-gsbp-b56cce5.gspb_row__col--4{width:100%}}.gspb_container-id-gsbp-2af3e65{flex-direction:column;box-sizing:border-box}#gspb_container-id-gsbp-2af3e65.gspb_container{position:relative;display:flex;align-items:flex-end;column-gap:10px}@media (max-width:991.98px){#gspb_container-id-gsbp-2af3e65.gspb_container{flex-direction:column;align-items:center}}#gspb_container-id-gsbp-2af3e65.gspb_container{margin-bottom:20px}.gspb_counter-id-gsbp-a7cf35b,.gspb_counter-id-gsbp-a7cf35b .gs-counterwrap{display:flex;align-items:center}.gspb_counter-id-gsbp-a7cf35b .gs-counterdiv{display:flex;text-align:center;flex-direction:column;justify-content:center}.gspb_counter-id-gsbp-a7cf35b,.gspb_counter-id-gsbp-a7cf35b .gs-counterwrap{justify-content:center}@media (max-width:991.98px){.gspb_counter-id-gsbp-a7cf35b,.gspb_counter-id-gsbp-a7cf35b .gs-counterwrap{justify-content:center}}.gspb_counter-id-gsbp-a7cf35b .gs-counterdiv{align-items:center}@media (max-width:991.98px){.gspb_counter-id-gsbp-a7cf35b .gs-counterdiv{align-items:center}}.gspb_counter-id-gsbp-a7cf35b .gs-counter{color:var(--wp--preset--color--palette-color-2, var(--theme-palette-color-2, #24417C))}.gspb_counter-id-gsbp-a7cf35b .gs-counterdiv{border-radius:5px}.gspb_counter-id-gsbp-a7cf35b .gs-counterlabel{font-size:16px;line-height:16px}.gspb_counter-id-gsbp-a7cf35b .gs-counterdiv{min-width:5px}.gspb_counter-id-gsbp-a7cf35b .gs-counter{font-size:60px;line-height:.9em}@media (max-width:991.98px){.gspb_counter-id-gsbp-a7cf35b .gs-counter{font-size:35px}}.gspb_counter-id-gsbp-a7cf35b .gs-counter{font-weight:800!important}.gspb_text-id-gsbp-34999b5{text-transform:uppercase;font-weight:600!important}@media (max-width:991.98px){.gspb_text-id-gsbp-0703bfc,.gspb_text-id-gsbp-0703bfc .gsap-g-line{text-align:center!important}}","footnotes":""},"class_list":["post-12","page","type-page","status-publish","hentry"],"blocksy_meta":{"has_hero_section":"disabled","vertical_spacing_source":"custom","content_area_spacing":"none","styles_descriptor":{"styles":{"desktop":"","tablet":"","mobile":""},"google_fonts":[],"version":6}},"_links":{"self":[{"href":"https:\/\/www.vanlangsj.com\/index.php?rest_route=\/wp\/v2\/pages\/12","targetHints":{"allow":["GET"]}}],"collection":[{"href":"https:\/\/www.vanlangsj.com\/index.php?rest_route=\/wp\/v2\/pages"}],"about":[{"href":"https:\/\/www.vanlangsj.com\/index.php?rest_route=\/wp\/v2\/types\/page"}],"author":[{"embeddable":true,"href":"https:\/\/www.vanlangsj.com\/index.php?rest_route=\/wp\/v2\/users\/1"}],"replies":[{"embeddable":true,"href":"https:\/\/www.vanlangsj.com\/index.php?rest_route=%2Fwp%2Fv2%2Fcomments&post=12"}],"version-history":[{"count":21,"href":"https:\/\/www.vanlangsj.com\/index.php?rest_route=\/wp\/v2\/pages\/12\/revisions"}],"predecessor-version":[{"id":1181,"href":"https:\/\/www.vanlangsj.com\/index.php?rest_route=\/wp\/v2\/pages\/12\/revisions\/1181"}],"wp:attachment":[{"href":"https:\/\/www.vanlangsj.com\/index.php?rest_route=%2Fwp%2Fv2%2Fmedia&parent=12"}],"curies":[{"name":"wp","href":"https:\/\/api.w.org\/{rel}","templated":true}]}}