{"id":716,"date":"2025-10-02T18:53:11","date_gmt":"2025-10-02T18:53:11","guid":{"rendered":"http:\/\/localhost:8080\/?page_id=716"},"modified":"2025-10-06T21:37:19","modified_gmt":"2025-10-06T21:37:19","slug":"teachers-2","status":"publish","type":"page","link":"https:\/\/www.vanlangsj.com\/?page_id=716","title":{"rendered":"Teachers"},"content":{"rendered":"\n<div data-id=\"96b8e5b1\" class=\"wp-block-blocksy-query\"><div class=\"ct-query-template-grid\"><article class=\"wp-block-post is-layout-flow post-1088 post type-post status-publish format-standard has-post-thumbnail hentry category-teachers\">\n<div style=\"border-radius:5px;min-height: 400px; padding-top:var(--wp--preset--spacing--50);padding-bottom:var(--wp--preset--spacing--50);padding-left:var(--wp--preset--spacing--50);padding-right:var(--wp--preset--spacing--50);\" class=\"wp-block-cover ct-dynamic-cover has-custom-content-position is-position-bottom-center wp-elements-49e841933882f90b0ea90394619c7dac\"><span class=\"wp-block-cover__background\" aria-hidden=\"true\"><\/span><img loading=\"lazy\" decoding=\"async\" width=\"640\" height=\"391\" src=\"https:\/\/www.vanlangsj.com\/wp-content\/uploads\/2025\/11\/notebook-1850613_640.jpg\" class=\"wp-block-cover__image-background wp-post-image\" alt=\"\" srcset=\"https:\/\/www.vanlangsj.com\/wp-content\/uploads\/2025\/11\/notebook-1850613_640.jpg 640w, https:\/\/www.vanlangsj.com\/wp-content\/uploads\/2025\/11\/notebook-1850613_640-300x183.jpg 300w\" sizes=\"auto, (max-width: 640px) 100vw, 640px\" \/><div class=\"wp-block-cover__inner-container ct-dynamic-cover__inner-2 is-layout-constrained wp-block-cover-is-layout-constrained\">\n<h2 class=\"ct-dynamic-data has-text-align-center wp-elements-7560059dd39dd9999df905f1c3a23fc9 wp-elements-c2bead17d2f7bd8905ee9e471b53e61b has-medium-font-size\"><a href=\"https:\/\/www.vanlangsj.com\/?p=1088\">C\u00e1ch \u0111\u00e1nh ti\u1ebfng Vi\u1ec7t<\/a><\/h2>\n\n<div style=\"font-size:12px;text-transform:uppercase;\" class=\"ct-dynamic-data has-text-align-center wp-elements-d79cf465bc7c149039fd2a685c9513f2\">November 25, 2025<\/div>\n<\/div><\/div>\n<\/article><article class=\"wp-block-post is-layout-flow post-1078 post type-post status-publish format-standard has-post-thumbnail hentry category-teachers\">\n<div style=\"border-radius:5px;min-height: 400px; padding-top:var(--wp--preset--spacing--50);padding-bottom:var(--wp--preset--spacing--50);padding-left:var(--wp--preset--spacing--50);padding-right:var(--wp--preset--spacing--50);\" class=\"wp-block-cover ct-dynamic-cover has-custom-content-position is-position-bottom-center wp-elements-49e841933882f90b0ea90394619c7dac\"><span class=\"wp-block-cover__background\" aria-hidden=\"true\"><\/span><img loading=\"lazy\" decoding=\"async\" width=\"640\" height=\"426\" src=\"https:\/\/www.vanlangsj.com\/wp-content\/uploads\/2025\/11\/school-4527712_640.jpg\" class=\"wp-block-cover__image-background wp-post-image\" alt=\"\" srcset=\"https:\/\/www.vanlangsj.com\/wp-content\/uploads\/2025\/11\/school-4527712_640.jpg 640w, https:\/\/www.vanlangsj.com\/wp-content\/uploads\/2025\/11\/school-4527712_640-300x200.jpg 300w\" sizes=\"auto, (max-width: 640px) 100vw, 640px\" \/><div class=\"wp-block-cover__inner-container ct-dynamic-cover__inner-3 is-layout-constrained wp-block-cover-is-layout-constrained\">\n<h2 class=\"ct-dynamic-data has-text-align-center wp-elements-7560059dd39dd9999df905f1c3a23fc9 wp-elements-c2bead17d2f7bd8905ee9e471b53e61b has-medium-font-size\"><a href=\"https:\/\/www.vanlangsj.com\/?p=1078\">Th\u1eddi Kh\u00f3a Bi\u1ec3u<\/a><\/h2>\n\n<div style=\"font-size:12px;text-transform:uppercase;\" class=\"ct-dynamic-data has-text-align-center wp-elements-d79cf465bc7c149039fd2a685c9513f2\">November 19, 2025<\/div>\n<\/div><\/div>\n<\/article><article class=\"wp-block-post is-layout-flow post-975 post type-post status-publish format-standard has-post-thumbnail hentry category-teachers\">\n<div style=\"border-radius:5px;min-height: 400px; padding-top:var(--wp--preset--spacing--50);padding-bottom:var(--wp--preset--spacing--50);padding-left:var(--wp--preset--spacing--50);padding-right:var(--wp--preset--spacing--50);\" class=\"wp-block-cover ct-dynamic-cover has-custom-content-position is-position-bottom-center wp-elements-49e841933882f90b0ea90394619c7dac\"><span class=\"wp-block-cover__background\" aria-hidden=\"true\"><\/span><img loading=\"lazy\" decoding=\"async\" width=\"640\" height=\"426\" src=\"https:\/\/www.vanlangsj.com\/wp-content\/uploads\/vanlang-article-images\/administrative_2_640.jpg\" class=\"wp-block-cover__image-background wp-post-image\" alt=\"\" srcset=\"https:\/\/www.vanlangsj.com\/wp-content\/uploads\/vanlang-article-images\/administrative_2_640.jpg 640w, https:\/\/www.vanlangsj.com\/wp-content\/uploads\/vanlang-article-images\/administrative_2_640-300x200.jpg 300w\" sizes=\"auto, (max-width: 640px) 100vw, 640px\" \/><div class=\"wp-block-cover__inner-container ct-dynamic-cover__inner-4 is-layout-constrained wp-block-cover-is-layout-constrained\">\n<h2 class=\"ct-dynamic-data has-text-align-center wp-elements-7560059dd39dd9999df905f1c3a23fc9 wp-elements-c2bead17d2f7bd8905ee9e471b53e61b has-medium-font-size\"><a href=\"https:\/\/www.vanlangsj.com\/?p=975\">Ban \u0110i\u1ec1u H\u00e0nh<\/a><\/h2>\n\n<div style=\"font-size:12px;text-transform:uppercase;\" class=\"ct-dynamic-data has-text-align-center wp-elements-d79cf465bc7c149039fd2a685c9513f2\">October 7, 2025<\/div>\n<\/div><\/div>\n<\/article><article class=\"wp-block-post is-layout-flow post-354 post type-post status-publish format-standard has-post-thumbnail hentry category-teachers\">\n<div style=\"border-radius:5px;min-height: 400px; padding-top:var(--wp--preset--spacing--50);padding-bottom:var(--wp--preset--spacing--50);padding-left:var(--wp--preset--spacing--50);padding-right:var(--wp--preset--spacing--50);\" class=\"wp-block-cover ct-dynamic-cover has-custom-content-position is-position-bottom-center wp-elements-49e841933882f90b0ea90394619c7dac\"><span class=\"wp-block-cover__background\" aria-hidden=\"true\"><\/span><img loading=\"lazy\" decoding=\"async\" width=\"640\" height=\"427\" src=\"https:\/\/www.vanlangsj.com\/wp-content\/uploads\/vanlang-article-images\/school-cone-1499050_640.jpg\" class=\"wp-block-cover__image-background wp-post-image\" alt=\"\" srcset=\"https:\/\/www.vanlangsj.com\/wp-content\/uploads\/vanlang-article-images\/school-cone-1499050_640.jpg 640w, https:\/\/www.vanlangsj.com\/wp-content\/uploads\/vanlang-article-images\/school-cone-1499050_640-300x200.jpg 300w\" sizes=\"auto, (max-width: 640px) 100vw, 640px\" \/><div class=\"wp-block-cover__inner-container ct-dynamic-cover__inner-5 is-layout-constrained wp-block-cover-is-layout-constrained\">\n<h2 class=\"ct-dynamic-data has-text-align-center wp-elements-7560059dd39dd9999df905f1c3a23fc9 wp-elements-c2bead17d2f7bd8905ee9e471b53e61b has-medium-font-size\"><a href=\"https:\/\/www.vanlangsj.com\/?p=354\">Ng\u00e0y Khai Gi\u1ea3ng<\/a><\/h2>\n\n<div style=\"font-size:12px;text-transform:uppercase;\" class=\"ct-dynamic-data has-text-align-center wp-elements-d79cf465bc7c149039fd2a685c9513f2\">February 8, 2024<\/div>\n<\/div><\/div>\n<\/article><article class=\"wp-block-post is-layout-flow post-351 post type-post status-publish format-standard has-post-thumbnail hentry category-teachers\">\n<div style=\"border-radius:5px;min-height: 400px; padding-top:var(--wp--preset--spacing--50);padding-bottom:var(--wp--preset--spacing--50);padding-left:var(--wp--preset--spacing--50);padding-right:var(--wp--preset--spacing--50);\" class=\"wp-block-cover ct-dynamic-cover has-custom-content-position is-position-bottom-center wp-elements-49e841933882f90b0ea90394619c7dac\"><span class=\"wp-block-cover__background\" aria-hidden=\"true\"><\/span><img loading=\"lazy\" decoding=\"async\" width=\"640\" height=\"427\" src=\"https:\/\/www.vanlangsj.com\/wp-content\/uploads\/vanlang-article-images\/office-932926_640.jpg\" class=\"wp-block-cover__image-background wp-post-image\" alt=\"\" srcset=\"https:\/\/www.vanlangsj.com\/wp-content\/uploads\/vanlang-article-images\/office-932926_640.jpg 640w, https:\/\/www.vanlangsj.com\/wp-content\/uploads\/vanlang-article-images\/office-932926_640-300x200.jpg 300w\" sizes=\"auto, (max-width: 640px) 100vw, 640px\" \/><div class=\"wp-block-cover__inner-container ct-dynamic-cover__inner-6 is-layout-constrained wp-block-cover-is-layout-constrained\">\n<h2 class=\"ct-dynamic-data has-text-align-center wp-elements-7560059dd39dd9999df905f1c3a23fc9 wp-elements-c2bead17d2f7bd8905ee9e471b53e61b has-medium-font-size\"><a href=\"https:\/\/www.vanlangsj.com\/?p=351\">V\u0103n Ph\u00f2ng Online<\/a><\/h2>\n\n<div style=\"font-size:12px;text-transform:uppercase;\" class=\"ct-dynamic-data has-text-align-center wp-elements-d79cf465bc7c149039fd2a685c9513f2\">February 8, 2024<\/div>\n<\/div><\/div>\n<\/article><article class=\"wp-block-post is-layout-flow post-348 post type-post status-publish format-standard has-post-thumbnail hentry category-teachers\">\n<div style=\"border-radius:5px;min-height: 400px; padding-top:var(--wp--preset--spacing--50);padding-bottom:var(--wp--preset--spacing--50);padding-left:var(--wp--preset--spacing--50);padding-right:var(--wp--preset--spacing--50);\" class=\"wp-block-cover ct-dynamic-cover has-custom-content-position is-position-bottom-center wp-elements-49e841933882f90b0ea90394619c7dac\"><span class=\"wp-block-cover__background\" aria-hidden=\"true\"><\/span><img loading=\"lazy\" decoding=\"async\" width=\"640\" height=\"427\" src=\"https:\/\/www.vanlangsj.com\/wp-content\/uploads\/vanlang-article-images\/books-6831324_640.jpg\" class=\"wp-block-cover__image-background wp-post-image\" alt=\"\" srcset=\"https:\/\/www.vanlangsj.com\/wp-content\/uploads\/vanlang-article-images\/books-6831324_640.jpg 640w, https:\/\/www.vanlangsj.com\/wp-content\/uploads\/vanlang-article-images\/books-6831324_640-300x200.jpg 300w\" sizes=\"auto, (max-width: 640px) 100vw, 640px\" \/><div class=\"wp-block-cover__inner-container ct-dynamic-cover__inner-7 is-layout-constrained wp-block-cover-is-layout-constrained\">\n<h2 class=\"ct-dynamic-data has-text-align-center wp-elements-7560059dd39dd9999df905f1c3a23fc9 wp-elements-c2bead17d2f7bd8905ee9e471b53e61b has-medium-font-size\"><a href=\"https:\/\/www.vanlangsj.com\/?p=348\">Phi\u1ebfu \u0110\u1eb7t S\u00e1ch V\u0103n Lang<\/a><\/h2>\n\n<div style=\"font-size:12px;text-transform:uppercase;\" class=\"ct-dynamic-data has-text-align-center wp-elements-d79cf465bc7c149039fd2a685c9513f2\">February 8, 2024<\/div>\n<\/div><\/div>\n<\/article><\/div><style>[data-id='96b8e5b1'] {--grid-columns-gap:var(--wp--preset--spacing--40);--grid-columns-width:3;}@media (max-width: 999.98px) {[data-id='96b8e5b1'] {--grid-columns-width:2;}}@media (max-width: 689.98px) {[data-id='96b8e5b1'] {--grid-columns-width:1;}}<\/style><\/div>\n\n\n\n<div class=\"wp-block-greenshift-blocks-row gspb_row gspb_row-id-gsbp-b6e61fb\" id=\"gspb_row-id-gsbp-b6e61fb\"><div class=\"gspb_row__content\">  <\/div><\/div>\n\n\n\n<div class=\"wp-block-greenshift-blocks-row gspb_row gspb_row-id-gsbp-f73997a\" id=\"gspb_row-id-gsbp-f73997a\"><div class=\"gspb_row__content\">  <\/div><\/div>\n\n\n\n<p style=\"border-radius:0px\"><\/p>\n","protected":false},"excerpt":{"rendered":"","protected":false},"author":1,"featured_media":0,"parent":0,"menu_order":0,"comment_status":"closed","ping_status":"closed","template":"","meta":{"_gspb_post_css":"#gspb_row-id-gsbp-b6e61fb,#gspb_row-id-gsbp-f73997a{justify-content:space-between;margin-top:0;margin-bottom:0;display:flex;flex-wrap:wrap}#gspb_row-id-gsbp-b6e61fb>.gspb_row__content,#gspb_row-id-gsbp-f73997a>.gspb_row__content{display:flex;justify-content:space-between;margin:0 auto;width:100%;flex-wrap:wrap}.gspb_row{position:relative}div[id^=gspb_col-id]{box-sizing:border-box;position:relative;padding:var(--gs-row-column-padding, 15px min(3vw, 20px))}body.gspb-bodyfront #gspb_row-id-gsbp-b6e61fb>.gspb_row__content,body.gspb-bodyfront #gspb_row-id-gsbp-f73997a>.gspb_row__content{width:var(--theme-container-width, 1200px);max-width:var(--theme-normal-container-max-width, 1200px)}","footnotes":""},"class_list":["post-716","page","type-page","status-publish","hentry"],"blocksy_meta":[],"_links":{"self":[{"href":"https:\/\/www.vanlangsj.com\/index.php?rest_route=\/wp\/v2\/pages\/716","targetHints":{"allow":["GET"]}}],"collection":[{"href":"https:\/\/www.vanlangsj.com\/index.php?rest_route=\/wp\/v2\/pages"}],"about":[{"href":"https:\/\/www.vanlangsj.com\/index.php?rest_route=\/wp\/v2\/types\/page"}],"author":[{"embeddable":true,"href":"https:\/\/www.vanlangsj.com\/index.php?rest_route=\/wp\/v2\/users\/1"}],"replies":[{"embeddable":true,"href":"https:\/\/www.vanlangsj.com\/index.php?rest_route=%2Fwp%2Fv2%2Fcomments&post=716"}],"version-history":[{"count":12,"href":"https:\/\/www.vanlangsj.com\/index.php?rest_route=\/wp\/v2\/pages\/716\/revisions"}],"predecessor-version":[{"id":924,"href":"https:\/\/www.vanlangsj.com\/index.php?rest_route=\/wp\/v2\/pages\/716\/revisions\/924"}],"wp:attachment":[{"href":"https:\/\/www.vanlangsj.com\/index.php?rest_route=%2Fwp%2Fv2%2Fmedia&parent=716"}],"curies":[{"name":"wp","href":"https:\/\/api.w.org\/{rel}","templated":true}]}}