{"id":730,"date":"2025-10-02T19:53:44","date_gmt":"2025-10-02T19:53:44","guid":{"rendered":"http:\/\/localhost:8080\/?page_id=730"},"modified":"2026-01-24T03:00:33","modified_gmt":"2026-01-24T03:00:33","slug":"news-2","status":"publish","type":"page","link":"https:\/\/www.vanlangsj.com\/?page_id=730","title":{"rendered":"News"},"content":{"rendered":"\n<h2 id=\"gspb_heading-id-gsbp-afdfd1d\" class=\"gspb_heading gspb_heading-id-gsbp-afdfd1d \">Th\u00f4ng Tin<\/h2>\n\n\n\n<div data-id=\"44b76738\" class=\"wp-block-blocksy-query\"><div class=\"ct-query-template-grid\"><article class=\"wp-block-post is-layout-flow post-682 post type-post status-publish format-standard has-post-thumbnail hentry category-news\">\n\n<div class=\"wp-block-group is-vertical is-content-justification-stretch is-nowrap is-layout-flex wp-container-core-group-is-layout-d43721b1 wp-block-group-is-layout-flex\" style=\"min-height:100%\"><a style=\"margin-bottom:0;\" class=\"ct-dynamic-media wp-elements-09f95608613d9352adfc8f40119e2004\" aria-label=\"Danh S\u00e1ch h\u1ecdc sinh Kh\u00f3a 65\" href=\"https:\/\/www.vanlangsj.com\/?p=682\"><img loading=\"lazy\" decoding=\"async\" width=\"640\" height=\"640\" src=\"https:\/\/www.vanlangsj.com\/wp-content\/uploads\/2025\/10\/ai-generated-8613216_640.png\" class=\"attachment-full size-full\" alt=\"\" style=\"width:100%;height:100%;object-fit: cover;\" srcset=\"https:\/\/www.vanlangsj.com\/wp-content\/uploads\/2025\/10\/ai-generated-8613216_640.png 640w, https:\/\/www.vanlangsj.com\/wp-content\/uploads\/2025\/10\/ai-generated-8613216_640-300x300.png 300w, https:\/\/www.vanlangsj.com\/wp-content\/uploads\/2025\/10\/ai-generated-8613216_640-150x150.png 150w\" sizes=\"auto, (max-width: 640px) 100vw, 640px\" \/><\/a>\n\n\n<div class=\"wp-block-group has-palette-color-8-background-color has-background wp-container-content-9cfa9a5a is-layout-constrained wp-block-group-is-layout-constrained\" style=\"min-height:100%\"><h2 style=\"font-size:clamp(14px, 0.875rem + ((1vw - 3.2px) * 0.313), 18px);\" class=\"ct-dynamic-data wp-elements-217800496679b007b1999694e2a70788\"><a href=\"https:\/\/www.vanlangsj.com\/?p=682\">Danh S\u00e1ch h\u1ecdc sinh Kh\u00f3a 65<\/a><\/h2>\n\n<div style=\"font-style:normal;font-weight:500;text-transform:uppercase;\" class=\"ct-dynamic-data wp-elements-68e6182a7abdc44a03bc7713aff1213f has-small-font-size\">October 2, 2025<\/div>\n\n<div class=\"ct-dynamic-data wp-elements-75c3acab3cff5557061d009d04e39255\"><p>\u0110\u00e2y l\u00e0 danh s\u00e1ch h\u1ecdc sinh (student listing) \u00a0kh\u00f3a 65. \u00a0Danh s\u00e1ch n\u00e0y \u0111\u01b0\u1ee3c x\u1ebfp d\u1ef1a tr\u00ean t\u00ean c\u1ee7a h\u1ecdc\u2026<\/p>\n<\/div><\/div>\n<\/div>\n\n<\/article><article class=\"wp-block-post is-layout-flow post-360 post type-post status-publish format-standard has-post-thumbnail hentry category-news\">\n\n<div class=\"wp-block-group is-vertical is-content-justification-stretch is-nowrap is-layout-flex wp-container-core-group-is-layout-d43721b1 wp-block-group-is-layout-flex\" style=\"min-height:100%\"><a style=\"margin-bottom:0;\" class=\"ct-dynamic-media wp-elements-09f95608613d9352adfc8f40119e2004\" aria-label=\"Giao Ti\u1ebfp v\u1edbi Ph\u1ee5 Huynh\" href=\"https:\/\/www.vanlangsj.com\/?p=360\"><img loading=\"lazy\" decoding=\"async\" width=\"640\" height=\"620\" src=\"https:\/\/www.vanlangsj.com\/wp-content\/uploads\/2024\/02\/loudspeaker-1459128_640.png\" class=\"attachment-full size-full\" alt=\"\" style=\"width:100%;height:100%;object-fit: cover;\" srcset=\"https:\/\/www.vanlangsj.com\/wp-content\/uploads\/2024\/02\/loudspeaker-1459128_640.png 640w, https:\/\/www.vanlangsj.com\/wp-content\/uploads\/2024\/02\/loudspeaker-1459128_640-300x291.png 300w\" sizes=\"auto, (max-width: 640px) 100vw, 640px\" \/><\/a>\n\n\n<div class=\"wp-block-group has-palette-color-8-background-color has-background wp-container-content-9cfa9a5a is-layout-constrained wp-block-group-is-layout-constrained\" style=\"min-height:100%\"><h2 style=\"font-size:clamp(14px, 0.875rem + ((1vw - 3.2px) * 0.313), 18px);\" class=\"ct-dynamic-data wp-elements-217800496679b007b1999694e2a70788\"><a href=\"https:\/\/www.vanlangsj.com\/?p=360\">Giao Ti\u1ebfp v\u1edbi Ph\u1ee5 Huynh<\/a><\/h2>\n\n<div style=\"font-style:normal;font-weight:500;text-transform:uppercase;\" class=\"ct-dynamic-data wp-elements-68e6182a7abdc44a03bc7713aff1213f has-small-font-size\">February 8, 2024<\/div>\n\n<div class=\"ct-dynamic-data wp-elements-75c3acab3cff5557061d009d04e39255\"><p>Kh\u00f3a h\u1ecdc n\u0103m nay, tr\u01b0\u1eddng s\u1ebd khai gi\u1ea3ng v\u00e0o ng\u00e0y 7 th\u00e1ng 9 n\u0103m 2025 v\u00e0 k\u1ebft th\u00fac v\u00e0o ng\u00e0y\u2026<\/p>\n<\/div><\/div>\n<\/div>\n\n<\/article><article class=\"wp-block-post is-layout-flow post-333 post type-post status-publish format-standard has-post-thumbnail hentry category-news\">\n\n<div class=\"wp-block-group is-vertical is-content-justification-stretch is-nowrap is-layout-flex wp-container-core-group-is-layout-d43721b1 wp-block-group-is-layout-flex\" style=\"min-height:100%\"><a style=\"margin-bottom:0;\" class=\"ct-dynamic-media wp-elements-09f95608613d9352adfc8f40119e2004\" aria-label=\"Ng\u00e0y khai gi\u1ea3ng Kh\u00f3a 65 &#8211; n\u0103m 2025-2026\" href=\"https:\/\/www.vanlangsj.com\/?p=333\"><img loading=\"lazy\" decoding=\"async\" width=\"640\" height=\"640\" src=\"https:\/\/www.vanlangsj.com\/wp-content\/uploads\/2024\/02\/ai-generated-8973951_640.png\" class=\"attachment-full size-full\" alt=\"\" style=\"width:100%;height:100%;object-fit: cover;\" srcset=\"https:\/\/www.vanlangsj.com\/wp-content\/uploads\/2024\/02\/ai-generated-8973951_640.png 640w, https:\/\/www.vanlangsj.com\/wp-content\/uploads\/2024\/02\/ai-generated-8973951_640-300x300.png 300w, https:\/\/www.vanlangsj.com\/wp-content\/uploads\/2024\/02\/ai-generated-8973951_640-150x150.png 150w\" sizes=\"auto, (max-width: 640px) 100vw, 640px\" \/><\/a>\n\n\n<div class=\"wp-block-group has-palette-color-8-background-color has-background wp-container-content-9cfa9a5a is-layout-constrained wp-block-group-is-layout-constrained\" style=\"min-height:100%\"><h2 style=\"font-size:clamp(14px, 0.875rem + ((1vw - 3.2px) * 0.313), 18px);\" class=\"ct-dynamic-data wp-elements-217800496679b007b1999694e2a70788\"><a href=\"https:\/\/www.vanlangsj.com\/?p=333\">Ng\u00e0y khai gi\u1ea3ng Kh\u00f3a 65 &#8211; n\u0103m 2025-2026<\/a><\/h2>\n\n<div style=\"font-style:normal;font-weight:500;text-transform:uppercase;\" class=\"ct-dynamic-data wp-elements-68e6182a7abdc44a03bc7713aff1213f has-small-font-size\">February 8, 2024<\/div>\n\n<div class=\"ct-dynamic-data wp-elements-75c3acab3cff5557061d009d04e39255\"><p>V\u00e0o Ch\u1ee7 Nh\u1eadt, ng\u00e0y 7 th\u00e1ng 9\u00a0, tr\u01b0\u1eddng V\u0103n Lang s\u1ebd tr\u1edf l\u1ea1i ch\u00e0o \u0111\u00f3n h\u1ecdc sinh m\u1edbi v\u00e0 c\u0169.\u2026<\/p>\n<\/div><\/div>\n<\/div>\n\n<\/article><\/div><style>[data-id='44b76738'] {--grid-columns-width:3;}@media (max-width: 999.98px) {[data-id='44b76738'] {--grid-columns-width:2;}}@media (max-width: 689.98px) {[data-id='44b76738'] {--grid-columns-width:1;}}<\/style><\/div>\n","protected":false},"excerpt":{"rendered":"","protected":false},"author":1,"featured_media":0,"parent":0,"menu_order":0,"comment_status":"closed","ping_status":"closed","template":"","meta":{"_gspb_post_css":"#gspb_heading-id-gsbp-afdfd1d{font-size:50px;text-align:center!important;background-color:var(--wp--preset--color--palette-color-7, var(--theme-palette-color-7, #F7FAFD))}#gspb_heading-id-gsbp-afdfd1d .gsap-g-line{text-align:center!important}","footnotes":""},"class_list":["post-730","page","type-page","status-publish","hentry"],"blocksy_meta":[],"_links":{"self":[{"href":"https:\/\/www.vanlangsj.com\/index.php?rest_route=\/wp\/v2\/pages\/730","targetHints":{"allow":["GET"]}}],"collection":[{"href":"https:\/\/www.vanlangsj.com\/index.php?rest_route=\/wp\/v2\/pages"}],"about":[{"href":"https:\/\/www.vanlangsj.com\/index.php?rest_route=\/wp\/v2\/types\/page"}],"author":[{"embeddable":true,"href":"https:\/\/www.vanlangsj.com\/index.php?rest_route=\/wp\/v2\/users\/1"}],"replies":[{"embeddable":true,"href":"https:\/\/www.vanlangsj.com\/index.php?rest_route=%2Fwp%2Fv2%2Fcomments&post=730"}],"version-history":[{"count":7,"href":"https:\/\/www.vanlangsj.com\/index.php?rest_route=\/wp\/v2\/pages\/730\/revisions"}],"predecessor-version":[{"id":1137,"href":"https:\/\/www.vanlangsj.com\/index.php?rest_route=\/wp\/v2\/pages\/730\/revisions\/1137"}],"wp:attachment":[{"href":"https:\/\/www.vanlangsj.com\/index.php?rest_route=%2Fwp%2Fv2%2Fmedia&parent=730"}],"curies":[{"name":"wp","href":"https:\/\/api.w.org\/{rel}","templated":true}]}}