{"id":749,"date":"2025-10-02T22:49:03","date_gmt":"2025-10-02T22:49:03","guid":{"rendered":"http:\/\/localhost:8080\/?page_id=749"},"modified":"2026-01-24T04:55:22","modified_gmt":"2026-01-24T04:55:22","slug":"rules","status":"publish","type":"page","link":"https:\/\/www.vanlangsj.com\/?page_id=749","title":{"rendered":"Rules"},"content":{"rendered":"\n<h2 id=\"gspb_heading-id-gsbp-cb6607f\" class=\"gspb_heading gspb_heading-id-gsbp-cb6607f \">N\u1ed9i Quy<\/h2>\n\n\n\n<div class=\"wp-block-greenshift-blocks-row gspb_row gspb_row-id-gsbp-7e388e6\" id=\"gspb_row-id-gsbp-7e388e6\"><div class=\"gspb_row__content\"> \n<div class=\"wp-block-greenshift-blocks-row-column gspb_row__col--12 gspb_col-id-gsbp-e1154ea\" id=\"gspb_col-id-gsbp-e1154ea\">\n<ul class=\"wp-block-list\">\n<li><strong>H\u1ecdc sinh ph\u1ea3i \u0111i h\u1ecdc \u0111\u00fang gi\u1edd v\u00e0 li\u00ean t\u1ee5c<\/strong>, h\u1ecdc sinh \u0111\u1ebfn l\u1edbp tr\u1ec5 qu\u00e1 15 ph\u00fat, ph\u1ea3i c\u00f3 ph\u1ee5 huynh \u0111\u00edch th\u00e2n d\u1eabn t\u1edbi v\u0103n ph\u00f2ng g\u1eb7p Ban Tr\u1eadt T\u1ef1 \u0111\u1ec3 nh\u1eadn gi\u1ea5y ph\u00e9p v\u00e0o l\u1edbp.<\/li>\n\n\n\n<li><strong>H\u1ecdc sinh ngh\u1ec9 h\u1ecdc<\/strong>, ph\u1ee5 huynh ph\u1ea3i xin ph\u00e9p tr\u01b0\u1edbc v\u1edbi Th\u1ea7y, C\u00f4 gi\u00e1o, g\u1ecdi v\u00e0o \u0111i\u1ec7n tho\u1ea1i Trung T\u00e2m ho\u1eb7c \u0111\u1ebfn g\u1eb7p Ban Tr\u1eadt T\u1ef1 tr\u00ecnh b\u00e0y l\u00ed do ngh\u1ec9 h\u1ecdc v\u1eeba qua. H\u1ecdc sinh ngh\u1ec9 li\u00ean ti\u1ebfp 3 l\u1ea7n m\u00e0 kh\u00f4ng c\u00f3 l\u00ed do ch\u00ednh \u0111\u00e1ng, kh\u00f4ng xin ph\u00e9p c\u0169ng nh\u01b0 kh\u00f4ng c\u00f3 ph\u1ee5 huynh \u0111\u00edch th\u00e2n d\u1eabn t\u1edbi g\u1eb7p Ban Tr\u1eadt T\u1ef1 th\u00ec coi nh\u01b0 t\u1ef1 \u00fd th\u00f4i h\u1ecdc.<\/li>\n\n\n\n<li><strong>H\u1ecdc sinh b\u1eaft bu\u1ed9c ph\u1ea3i m\u1eb7c \u0111\u1ed3ng ph\u1ee5c<\/strong>&nbsp;(\u00e1o tr\u1eafng c\u00f3 ph\u00f9 hi\u1ec7u V\u0103n Lang). H\u1ecdc sinh kh\u00f4ng \u0111\u01b0\u1ee3c v\u1ec1 s\u1edbm qu\u00e1 3 l\u1ea7n trong m\u1ed9t kho\u00e1 h\u1ecdc. Ban Tr\u1eadt T\u1ef1 s\u1ebd kh\u00f4ng gi\u1ea3i quy\u1ebft cho h\u1ecdc sinh xin v\u1ec1 s\u1edbm sau 11 gi\u1edd tr\u01b0a. (tr\u1eeb tr\u01b0\u1eddng h\u1ee3p kh\u1ea9n c\u1ea5p).&nbsp;&nbsp;Qu\u00ed v\u1ecb c\u00f3 th\u1ec3 mua \u00e1o t\u1ea1i tr\u01b0\u1eddng v\u00e0 gi\u00e1 b\u00e1n m\u1ed7i c\u00e1i \u00e1o l\u00e0 hai m\u01b0\u01a1i l\u0103m \u0111\u1ed3ng ($25).<\/li>\n\n\n\n<li><strong>H\u1ecdc sinh ph\u1ea3i gi\u1eef k\u1ec9 lu\u1eadt trong l\u1edbp<\/strong>, l\u1ec5 ph\u00e9p v\u1edbi Th\u1ea7y, C\u00f4, tuy\u1ec7t \u0111\u1ed1i tu\u00e2n theo s\u1ef1 h\u01b0\u1edbng d\u1eabn c\u1ee7a Th\u1ea7y, C\u00f4 v\u00e0 h\u00f2a nh\u00e3 v\u1edbi b\u00e8 b\u1ea1n. H\u1ecdc sinh vi ph\u1ea1m k\u1ec9 lu\u1eadt v\u00e0 t\u1ecf ra thi\u1ebfu l\u1ec5 \u0111\u1ed9 s\u1ebd b\u1ecb c\u1ea3nh c\u00e1o, n\u1ebfu c\u00f2n t\u00e1i ph\u1ea1m s\u1ebd kh\u00f4ng \u0111\u01b0\u1ee3c ti\u1ebfp t\u1ee5c theo h\u1ecdc t\u1ea1i Trung T\u00e2m.<\/li>\n\n\n\n<li><strong>H\u1ecdc sinh ph\u1ea3i tham d\u1ef1 \u0111\u1ea7y \u0111\u1ee7 c\u00e1c k\u00ec thi trong kh\u00f3a h\u1ecdc<\/strong>&nbsp;(n\u1ebfu kh\u00f4ng tham d\u1ef1 \u0111\u1ea7y \u0111\u1ee7 c\u00e1c k\u00ec thi s\u1ebd \u0111\u01b0\u01a1ng nhi\u00ean \u1edf l\u1ea1i l\u1edbp. C\u00e1c tr\u01b0\u1eddng h\u1ee3p xin thi tr\u01b0\u1edbc ho\u1eb7c sau \u0111\u1ec1u kh\u00f4ng \u0111\u01b0\u1ee3c ch\u1ea5p nh\u1eadn). H\u1ecdc sinh ph\u1ea3i ho\u00e0n t\u1ea5t nh\u1eefng b\u00e0i t\u1eadp do Th\u1ea7y, C\u00f4 \u0111\u00e3 cho v\u00e0 n\u1ed9p l\u1ea1i \u0111\u00fang k\u00ec h\u1ea1n. H\u1ecdc sinh v\u1eafng m\u1eb7t 3 l\u1ea7n d\u00f9 c\u00f3 l\u00ed do ch\u00ednh \u0111\u00e1ng c\u0169ng kh\u00f4ng \u0111\u01b0\u1ee3c l\u00ean l\u1edbp trong kh\u00f3a t\u1edbi.<\/li>\n\n\n\n<li><strong>H\u1ecdc sinh ph\u1ea3i gi\u1eef v\u1ec7 sinh chung c\u1ee7a tr\u01b0\u1eddng v\u00e0 l\u1edbp h\u1ecdc<\/strong>, tuy\u1ec7t \u0111\u1ed1i kh\u00f4ng \u0111\u01b0\u1ee3c di chuy\u1ec3n, x\u1eed d\u1ee5ng \u0111\u1ed3 \u0111\u1ea1c, s\u00e1ch v\u1edf c\u0169ng nh\u01b0 tr\u1ee3 hu\u1ea5n c\u1ee5 c\u1ee7a l\u1edbp h\u1ecdc (m\u1ecdi s\u1ef1 th\u1ea5t tho\u00e1t c\u00f3 b\u1eb1ng ch\u1ee9ng ph\u1ee5 huynh ph\u1ea3i ch\u1ecbu tr\u00e1ch nhi\u1ec7m ho\u00e0n tr\u1ea3 theo tr\u1ecb gi\u00e1 c\u1ee7a t\u1eebng m\u00f3n v\u00e0 h\u1ecdc sinh s\u1ebd kh\u00f4ng \u0111\u01b0\u1ee3c ti\u1ebfp t\u1ee5c theo h\u1ecdc)<\/li>\n\n\n\n<li><strong>C\u00e1c \u0111i\u1ec1u c\u1ea5m<\/strong>: h\u1ecdc sinh tuy\u1ec7t \u0111\u1ed1i kh\u00f4ng \u0111\u01b0\u1ee3c mang v\u00e0o l\u1edbp h\u1ecdc hay khu\u00f4n vi\u00ean nh\u00e0 tr\u01b0\u1eddng c\u00e1c v\u1eadt d\u1ee5ng b\u00e9n nh\u1ecdn, ch\u1ea5t n\u1ed5, ma tu\u00fd c\u0169ng nh\u01b0 v\u0169 kh\u00ed (Ban \u0110i\u1ec1u H\u00e0nh c\u00f3 tr\u00e1ch nhi\u1ec7m b\u00e1o c\u00e1o v\u1edbi s\u1edf C\u1ea3nh S\u00e1t m\u00e0 kh\u00f4ng c\u1ea7n th\u00f4ng b\u00e1o cho ph\u1ee5 huynh).<\/li>\n\n\n\n<li><strong>\u0110\u01b0a \u0110\u00f3n H\u1ecdc sinh<\/strong>, \u0111\u1ec3 an to\u00e0n tuy\u1ec7t \u0111\u1ed1i cho ch\u00ednh con em m\u00ecnh, ph\u1ee5 huynh ph\u1ea3i \u0111\u00f3n con em \u0111\u00fang gi\u1edd. (V\u00e0 ch\u1ec9 \u0111\u01b0a \u0111\u00f3n con em m\u00ecnh trong khu\u00f4n vi\u00ean nh\u00e0 tr\u01b0\u1eddng) tuy\u1ec7t \u0111\u1ed1i tu\u00e2n theo s\u1ef1 h\u01b0\u1edbng d\u1eabn c\u1ee7a Ban Tr\u1eadt T\u1ef1 v\u1ec1 v\u1ea5n \u0111\u1ec1 giao th\u00f4ng l\u00fac \u0111\u01b0a c\u0169ng nh\u01b0 l\u00fac \u0111\u00f3n, xin ho\u00e0 nh\u00e3 v\u1edbi ng\u01b0\u1eddi h\u01b0\u1edbng d\u1eabn. M\u1ecdi \u00fd ki\u1ebfn, xin li\u00ean l\u1ea1c c\u00f9ng Ban \u0110i\u1ec1u H\u00e0nh \u0111\u1ec3 \u0111\u01b0\u1ee3c gi\u1ea3i quy\u1ebft.<\/li>\n\n\n\n<li><strong>Ph\u1ee5 huynh kh\u00f4ng \u0111\u01b0\u1ee3c theo con em v\u00e0o l\u1edbp h\u1ecdc<\/strong>&nbsp;n\u1ebfu kh\u00f4ng c\u00f3 s\u1ef1 \u0111\u1ed3ng \u00fd c\u1ee7a Ban \u0110i\u1ec1u H\u00e0nh. Trung T\u00e2m Vi\u1ec7t Ng\u1eef V\u0103n Lang San Jose c\u00f3 m\u1ecdi th\u1ea9m quy\u1ec1n s\u1eed d\u1ee5ng h\u00ecnh \u1ea3nh v\u00e0 video \u0111\u01b0\u1ee3c thu trong t\u1ea5t c\u1ea3 c\u00e1c sinh ho\u1ea1t c\u1ee7a Trung T\u00e2m.<\/li>\n\n\n\n<li><strong>H\u1ecdc ph\u00ed<\/strong> c\u1ee7a h\u1ecdc sinh s\u1ebd kh\u00f4ng \u0111\u01b0\u1ee3c ho\u00e0n tr\u1ea3 sau 2 tu\u1ea7n nh\u1eadp h\u1ecdc (v\u1edbi b\u1ea5t c\u1ee9 l\u00ed do g\u00ec)<\/li>\n<\/ul>\n<\/div>\n <\/div><\/div>\n\n\n\n<p class=\"has-small-font-size\" style=\"border-radius:0px;margin-top:0;margin-right:0;margin-bottom:0;margin-left:0\"><\/p>\n\n\n\n<p><\/p>\n","protected":false},"excerpt":{"rendered":"","protected":false},"author":1,"featured_media":0,"parent":0,"menu_order":0,"comment_status":"closed","ping_status":"closed","template":"","meta":{"_gspb_post_css":"#gspb_heading-id-gsbp-cb6607f{font-size:50px;text-align:center!important;background-color:var(--wp--preset--color--palette-color-7, var(--theme-palette-color-7, #F7FAFD))}#gspb_heading-id-gsbp-cb6607f .gsap-g-line{text-align:center!important}#gspb_row-id-gsbp-7e388e6{justify-content:space-between;margin-top:0;margin-bottom:0;display:flex;flex-wrap:wrap}#gspb_row-id-gsbp-7e388e6>.gspb_row__content{display:flex;justify-content:space-between;margin:0 auto;width:100%;flex-wrap:wrap}.gspb_row{position:relative}div[id^=gspb_col-id]{box-sizing:border-box;position:relative;padding:var(--gs-row-column-padding, 15px min(3vw, 20px))}body.gspb-bodyfront #gspb_row-id-gsbp-7e388e6>.gspb_row__content{width:var(--theme-container-width, 1200px);max-width:var(--theme-normal-container-max-width, 1200px)}#gspb_col-id-gsbp-e1154ea.gspb_row__col--12{width:100%}@media (max-width:575.98px){#gspb_col-id-gsbp-e1154ea.gspb_row__col--12{width:100%}}@media (min-width:992px){body.gspb-bodyfront #gspb_col-id-gsbp-e1154ea.gspb_row__col--12{width:calc(80% - 0px - 0px)}}.gspb_row #gspb_col-id-gsbp-e1154ea.gspb_row__col--12{margin-left:140px}#gspb_col-id-gsbp-e1154ea.gspb_row__col--12{background-color:var(--wp--preset--color--palette-color-7, var(--theme-palette-color-7, #F7FAFD));border-style:solid;border-width:3px;border-color:var(--wp--preset--color--palette-color-1, var(--theme-palette-color-1, #3a5da5))}#gspb_col-id-gsbp-e1154ea.gspb_row__col--12,#gspb_col-id-gsbp-e1154ea.gspb_row__col--12>.gspb_backgroundOverlay{border-top-left-radius:30px;border-top-right-radius:30px;border-bottom-right-radius:30px;border-bottom-left-radius:30px}","footnotes":""},"class_list":["post-749","page","type-page","status-publish","hentry"],"blocksy_meta":[],"_links":{"self":[{"href":"https:\/\/www.vanlangsj.com\/index.php?rest_route=\/wp\/v2\/pages\/749","targetHints":{"allow":["GET"]}}],"collection":[{"href":"https:\/\/www.vanlangsj.com\/index.php?rest_route=\/wp\/v2\/pages"}],"about":[{"href":"https:\/\/www.vanlangsj.com\/index.php?rest_route=\/wp\/v2\/types\/page"}],"author":[{"embeddable":true,"href":"https:\/\/www.vanlangsj.com\/index.php?rest_route=\/wp\/v2\/users\/1"}],"replies":[{"embeddable":true,"href":"https:\/\/www.vanlangsj.com\/index.php?rest_route=%2Fwp%2Fv2%2Fcomments&post=749"}],"version-history":[{"count":9,"href":"https:\/\/www.vanlangsj.com\/index.php?rest_route=\/wp\/v2\/pages\/749\/revisions"}],"predecessor-version":[{"id":1160,"href":"https:\/\/www.vanlangsj.com\/index.php?rest_route=\/wp\/v2\/pages\/749\/revisions\/1160"}],"wp:attachment":[{"href":"https:\/\/www.vanlangsj.com\/index.php?rest_route=%2Fwp%2Fv2%2Fmedia&parent=749"}],"curies":[{"name":"wp","href":"https:\/\/api.w.org\/{rel}","templated":true}]}}