{"id":951,"date":"2025-10-06T22:44:58","date_gmt":"2025-10-06T22:44:58","guid":{"rendered":"http:\/\/localhost:8080\/?page_id=951"},"modified":"2025-10-06T22:46:51","modified_gmt":"2025-10-06T22:46:51","slug":"faq","status":"publish","type":"page","link":"https:\/\/www.vanlangsj.com\/?page_id=951","title":{"rendered":"FAQ"},"content":{"rendered":"<style>#sp-ea-950 .spcollapsing { height: 0; overflow: hidden; transition-property: height;transition-duration: 300ms;}#sp-ea-950.sp-easy-accordion>.sp-ea-single {margin-bottom: 2px; border: 1px solid #e2e2e2; }#sp-ea-950.sp-easy-accordion>.sp-ea-single>.ea-header a {color: #444;}#sp-ea-950.sp-easy-accordion>.sp-ea-single>.sp-collapse>.ea-body {background: #fff; color: #444;}#sp-ea-950.sp-easy-accordion>.sp-ea-single {background: #eee;}#sp-ea-950.sp-easy-accordion>.sp-ea-single>.ea-header a .ea-expand-icon { float: left; color: #444;font-size: 16px;}<\/style><div id=\"sp_easy_accordion-1759789904\"><div id=\"sp-ea-950\" class=\"sp-ea-one sp-easy-accordion\" data-ea-active=\"ea-click\" data-ea-mode=\"vertical\" data-preloader=\"\" data-scroll-active-item=\"\" data-offset-to-scroll=\"0\"><div class=\"ea-card sp-ea-single\"><h3 class=\"ea-header\"><a class=\"collapsed\" id=\"ea-header-9500\" role=\"button\" data-sptoggle=\"spcollapse\" data-sptarget=\"#collapse9500\" aria-controls=\"collapse9500\" href=\"#\" aria-expanded=\"false\" tabindex=\"0\"><i aria-hidden=\"true\" role=\"presentation\" class=\"ea-expand-icon eap-icon-ea-expand-plus\"><\/i> \u00c1o VanLang T-Shirt gi\u00e1 bao nhi\u00eau?<\/a><\/h3><div class=\"sp-collapse spcollapse spcollapse\" id=\"collapse9500\" data-parent=\"#sp-ea-950\" role=\"region\" aria-labelledby=\"ea-header-9500\"> <div class=\"ea-body\"><p>\u00c1o VanLang T-Shirt c\u00f3 gi\u00e1 25 \u0111\u00f4 la. C\u00f3 c\u00e1c k\u00edch th\u01b0\u1edbc: Nh\u1ecf, Trung b\u00ecnh v\u00e0 L\u1edbn.<\/p><\/div><\/div><\/div><div class=\"ea-card sp-ea-single\"><h3 class=\"ea-header\"><a class=\"collapsed\" id=\"ea-header-9501\" role=\"button\" data-sptoggle=\"spcollapse\" data-sptarget=\"#collapse9501\" aria-controls=\"collapse9501\" href=\"#\" aria-expanded=\"false\" tabindex=\"0\"><i aria-hidden=\"true\" role=\"presentation\" class=\"ea-expand-icon eap-icon-ea-expand-plus\"><\/i> Gi\u00e1 quy\u1ec3n s\u00e1ch gi\u00e1o khoa bao nhi\u00eau?<\/a><\/h3><div class=\"sp-collapse spcollapse spcollapse\" id=\"collapse9501\" data-parent=\"#sp-ea-950\" role=\"region\" aria-labelledby=\"ea-header-9501\"> <div class=\"ea-body\"><p>B\u1ea1n c\u00f3 th\u1ec3 mua <strong>th\u00eam<\/strong> m\u1ed9t cu\u1ed1n s\u00e1ch gi\u00e1o khoa v\u1edbi gi\u00e1 10 \u0111\u00f4 la.<\/p><\/div><\/div><\/div><div class=\"ea-card sp-ea-single\"><h3 class=\"ea-header\"><a class=\"collapsed\" id=\"ea-header-9502\" role=\"button\" data-sptoggle=\"spcollapse\" data-sptarget=\"#collapse9502\" aria-controls=\"collapse9502\" href=\"#\" aria-expanded=\"false\" tabindex=\"0\"><i aria-hidden=\"true\" role=\"presentation\" class=\"ea-expand-icon eap-icon-ea-expand-plus\"><\/i> Gi\u1edd h\u1ecdc c\u1ee7a tr\u01b0\u1eddng nh\u01b0 th\u1ebf n\u00e0o?<\/a><\/h3><div class=\"sp-collapse spcollapse spcollapse\" id=\"collapse9502\" data-parent=\"#sp-ea-950\" role=\"region\" aria-labelledby=\"ea-header-9502\"> <div class=\"ea-body\"><p>Gi\u1edd h\u1ecdc b\u1eaft \u0111\u1ea7u t\u1eeb 9:00 s\u00e1ng \u0111\u1ebfn 12:00 tr\u01b0a Ch\u1ee7 Nh\u1eadt. N\u1ebfu \u0111\u1ebfn tr\u01b0\u1eddng mu\u1ed9n h\u01a1n 15 ph\u00fat sau khi chu\u00f4ng reo, h\u1ecdc sinh c\u1ea7n xu\u1ea5t tr\u00ecnh gi\u1ea5y ph\u00e9p h\u1ecdc t\u1eadp \u0111\u1ec3 v\u00e0o l\u1edbp. H\u1ecdc sinh c\u00f3 gi\u1edd ra ch\u01a1i t\u1eeb 10:30 \u0111\u1ebfn 11:00. Trong gi\u1edd ra ch\u01a1i, h\u1ecdc sinh ph\u1ea3i r\u1eddi kh\u1ecfi l\u1edbp h\u1ecdc v\u00e0 \u0111\u1ebfn khu v\u1ef1c tr\u01b0\u1edbc tr\u01b0\u1eddng. Gi\u00e1o vi\u00ean s\u1ebd \u0111\u00f3n h\u1ecdc sinh tr\u1edf l\u1ea1i l\u1edbp h\u1ecdc l\u00fac 11:00.<\/p><\/div><\/div><\/div><div class=\"ea-card sp-ea-single\"><h3 class=\"ea-header\"><a class=\"collapsed\" id=\"ea-header-9503\" role=\"button\" data-sptoggle=\"spcollapse\" data-sptarget=\"#collapse9503\" aria-controls=\"collapse9503\" href=\"#\" aria-expanded=\"false\" tabindex=\"0\"><i aria-hidden=\"true\" role=\"presentation\" class=\"ea-expand-icon eap-icon-ea-expand-plus\"><\/i> H\u1ecdc ph\u00ed m\u1ed9t n\u0103m h\u1ecdc l\u00e0 bao nhi\u00eau?<\/a><\/h3><div class=\"sp-collapse spcollapse spcollapse\" id=\"collapse9503\" data-parent=\"#sp-ea-950\" role=\"region\" aria-labelledby=\"ea-header-9503\"> <div class=\"ea-body\"><p>Hi\u1ec7n t\u1ea1i, h\u1ecdc ph\u00ed n\u0103m h\u1ecdc l\u00e0 200 \u0111\u00f4 la. Vi\u1ec7c \u0111\u0103ng k\u00fd cho n\u0103m h\u1ecdc ti\u1ebfp theo s\u1ebd di\u1ec5n ra v\u00e0o kho\u1ea3ng cu\u1ed1i th\u00e1ng N\u0103m. C\u00e1c \u0111\u1ee3t \u0111\u0103ng k\u00fd b\u00f9 kh\u00e1c s\u1ebd di\u1ec5n ra v\u00e0o gi\u1eefa th\u00e1ng T\u00e1m v\u00e0 tu\u1ea7n \u0111\u1ea7u ti\u00ean c\u1ee7a n\u0103m h\u1ecdc. Vui l\u00f2ng truy c\u1eadp trang web \u0111\u1ec3 xem th\u00f4ng tin c\u1eadp nh\u1eadt m\u1edbi nh\u1ea5t v\u1ec1 c\u00e1c ng\u00e0y \u0111\u0103ng k\u00fd.<\/p><\/div><\/div><\/div><div class=\"ea-card sp-ea-single\"><h3 class=\"ea-header\"><a class=\"collapsed\" id=\"ea-header-9504\" role=\"button\" data-sptoggle=\"spcollapse\" data-sptarget=\"#collapse9504\" aria-controls=\"collapse9504\" href=\"#\" aria-expanded=\"false\" tabindex=\"0\"><i aria-hidden=\"true\" role=\"presentation\" class=\"ea-expand-icon eap-icon-ea-expand-plus\"><\/i> L\u00e0m sao t\u00f4i xem \u0111\u01b0\u1ee3c l\u1ecbch h\u1ecdc c\u1ee7a tr\u01b0\u1eddng?<\/a><\/h3><div class=\"sp-collapse spcollapse spcollapse\" id=\"collapse9504\" data-parent=\"#sp-ea-950\" role=\"region\" aria-labelledby=\"ea-header-9504\"> <div class=\"ea-body\"><p><span dir=\"auto\"><span class=\"VIpgJd-yAWNEb-VIpgJd-fmcmS-sn54Q\" dir=\"auto\">B\u1ea1n c\u00f3 th\u1ec3 xem l\u1ecbch h\u1ecdc c\u1ee7a tr\u01b0\u1eddng b\u1eb1ng c\u00e1ch nh\u1ea5n v\u00e0o <\/span><\/span><strong><span dir=\"auto\"><span class=\"VIpgJd-yAWNEb-VIpgJd-fmcmS-sn54Q\" dir=\"auto\">H\u1eccC TR\u00d2<\/span><\/span><\/strong><span dir=\"auto\"><span class=\"VIpgJd-yAWNEb-VIpgJd-fmcmS-sn54Q\" dir=\"auto\">\u00a0r\u1ed3i nh\u1ea5n v\u00e0o \u00a0<\/span><\/span><strong><span dir=\"auto\"><span class=\"VIpgJd-yAWNEb-VIpgJd-fmcmS-sn54Q\" dir=\"auto\">L\u1ecaCH H\u1eccC<\/span><\/span><\/strong><span dir=\"auto\"><span class=\"VIpgJd-yAWNEb-VIpgJd-fmcmS-sn54Q\" dir=\"auto\">\u00a0.<\/span><\/span><\/p><\/div><\/div><\/div><div class=\"ea-card sp-ea-single\"><h3 class=\"ea-header\"><a class=\"collapsed\" id=\"ea-header-9505\" role=\"button\" data-sptoggle=\"spcollapse\" data-sptarget=\"#collapse9505\" aria-controls=\"collapse9505\" href=\"#\" aria-expanded=\"false\" tabindex=\"0\"><i aria-hidden=\"true\" role=\"presentation\" class=\"ea-expand-icon eap-icon-ea-expand-plus\"><\/i> T\u00f4i c\u00f3 th\u1ec3 \u0111\u00f3n con em s\u1edbm \u0111\u01b0\u1ee3c kh\u00f4ng?<\/a><\/h3><div class=\"sp-collapse spcollapse spcollapse\" id=\"collapse9505\" data-parent=\"#sp-ea-950\" role=\"region\" aria-labelledby=\"ea-header-9505\"> <div class=\"ea-body\"><p>N\u1ebfu qu\u00fd ph\u1ee5 huynh c\u1ea7n \u0111\u00f3n con em tr\u01b0\u1edbc gi\u1edd h\u1ecdc k\u1ebft th\u00fac (12:00 tr\u01b0a), vui l\u00f2ng \u0111\u1ebfn v\u0103n ph\u00f2ng \u1edf ph\u00eda tr\u01b0\u1edbc. T\u1ed1t nh\u1ea5t, qu\u00fd ph\u1ee5 huynh n\u00ean xin gi\u1ea5y ph\u00e9p v\u00e0o bu\u1ed5i s\u00e1ng khi \u0111\u01b0a con \u0111\u1ebfn tr\u01b0\u1eddng.<\/p><\/div><\/div><\/div><div class=\"ea-card sp-ea-single\"><h3 class=\"ea-header\"><a class=\"collapsed\" id=\"ea-header-9506\" role=\"button\" data-sptoggle=\"spcollapse\" data-sptarget=\"#collapse9506\" aria-controls=\"collapse9506\" href=\"#\" aria-expanded=\"false\" tabindex=\"0\"><i aria-hidden=\"true\" role=\"presentation\" class=\"ea-expand-icon eap-icon-ea-expand-plus\"><\/i> T\u00f4i c\u00f3 th\u1ec3 \u0111\u01b0\u1ee3c ho\u00e0n l\u1ea1i h\u1ecdc ph\u00ed ghi danh kh\u00f4ng?<\/a><\/h3><div class=\"sp-collapse spcollapse spcollapse\" id=\"collapse9506\" data-parent=\"#sp-ea-950\" role=\"region\" aria-labelledby=\"ea-header-9506\"> <div class=\"ea-body\"><p>B\u1ea1n c\u00f3 th\u1ec3 \u0111\u01b0\u1ee3c ho\u00e0n ti\u1ec1n \u0111\u1ea7y \u0111\u1ee7 n\u1ebfu h\u1ee7y l\u1edbp h\u1ecdc trong hai tu\u1ea7n \u0111\u1ea7u ti\u00ean c\u1ee7a kh\u00f3a h\u1ecdc. H\u1ecdc ph\u00ed s\u1ebd kh\u00f4ng \u0111\u01b0\u1ee3c ho\u00e0n l\u1ea1i sau tu\u1ea7n th\u1ee9 hai. Vui l\u00f2ng gi\u1eef l\u1ea1i bi\u00ean lai ghi danh \u0111\u1ec3 \u0111\u01b0\u1ee3c ho\u00e0n ti\u1ec1n.<\/p><\/div><\/div><\/div><div class=\"ea-card sp-ea-single\"><h3 class=\"ea-header\"><a class=\"collapsed\" id=\"ea-header-9507\" role=\"button\" data-sptoggle=\"spcollapse\" data-sptarget=\"#collapse9507\" aria-controls=\"collapse9507\" href=\"#\" aria-expanded=\"false\" tabindex=\"0\"><i aria-hidden=\"true\" role=\"presentation\" class=\"ea-expand-icon eap-icon-ea-expand-plus\"><\/i> Khi N\u00e0o l\u00e0 ng\u00e0y ghi danh cho kh\u00f3a h\u1ecdc n\u0103m 2026-2027?<\/a><\/h3><div class=\"sp-collapse spcollapse spcollapse\" id=\"collapse9507\" data-parent=\"#sp-ea-950\" role=\"region\" aria-labelledby=\"ea-header-9507\"> <div class=\"ea-body\"><p>Hi\u1ec7n t\u1ea1i, ng\u00e0y d\u1ef1 \u0111\u1ecbnh cho vi\u1ec7c ghi danh cho n\u0103m h\u1ecdc ti\u1ebfp theo (2026-2027) l\u00e0 ng\u00e0y 10 th\u00e1ng 5 n\u0103m 2026.<\/p><\/div><\/div><\/div><\/div><\/div>\n","protected":false},"excerpt":{"rendered":"","protected":false},"author":1,"featured_media":0,"parent":0,"menu_order":0,"comment_status":"closed","ping_status":"closed","template":"","meta":{"_gspb_post_css":"","footnotes":""},"class_list":["post-951","page","type-page","status-publish","hentry"],"blocksy_meta":[],"_links":{"self":[{"href":"https:\/\/www.vanlangsj.com\/index.php?rest_route=\/wp\/v2\/pages\/951","targetHints":{"allow":["GET"]}}],"collection":[{"href":"https:\/\/www.vanlangsj.com\/index.php?rest_route=\/wp\/v2\/pages"}],"about":[{"href":"https:\/\/www.vanlangsj.com\/index.php?rest_route=\/wp\/v2\/types\/page"}],"author":[{"embeddable":true,"href":"https:\/\/www.vanlangsj.com\/index.php?rest_route=\/wp\/v2\/users\/1"}],"replies":[{"embeddable":true,"href":"https:\/\/www.vanlangsj.com\/index.php?rest_route=%2Fwp%2Fv2%2Fcomments&post=951"}],"version-history":[{"count":3,"href":"https:\/\/www.vanlangsj.com\/index.php?rest_route=\/wp\/v2\/pages\/951\/revisions"}],"predecessor-version":[{"id":958,"href":"https:\/\/www.vanlangsj.com\/index.php?rest_route=\/wp\/v2\/pages\/951\/revisions\/958"}],"wp:attachment":[{"href":"https:\/\/www.vanlangsj.com\/index.php?rest_route=%2Fwp%2Fv2%2Fmedia&parent=951"}],"curies":[{"name":"wp","href":"https:\/\/api.w.org\/{rel}","templated":true}]}}